{"id":13,"date":"2019-05-01T17:49:33","date_gmt":"2019-05-01T17:49:33","guid":{"rendered":"http:\/\/intranet2.fadesp.org.br\/?page_id=13"},"modified":"2026-01-14T15:14:35","modified_gmt":"2026-01-14T18:14:35","slug":"contatos","status":"publish","type":"page","link":"http:\/\/intranet2.fadesp.org.br\/?page_id=13","title":{"rendered":"Contatos"},"content":{"rendered":"\t\t<div data-elementor-type=\"wp-post\" data-elementor-id=\"13\" class=\"elementor elementor-13\">\n\t\t\t\t\t\t<div class=\"elementor-inner\">\n\t\t\t\t<div class=\"elementor-section-wrap\">\n\t\t\t\t\t\t\t\t\t<section class=\"elementor-section elementor-top-section elementor-element elementor-element-ef82866 elementor-section-full_width elementor-section-height-default elementor-section-height-default\" data-id=\"ef82866\" data-element_type=\"section\">\n\t\t\t\t\t\t<div class=\"elementor-container elementor-column-gap-default\">\n\t\t\t\t\t\t\t<div class=\"elementor-row\">\n\t\t\t\t\t<div class=\"elementor-column elementor-col-100 elementor-top-column elementor-element elementor-element-ee78f4d\" data-id=\"ee78f4d\" data-element_type=\"column\">\n\t\t\t<div class=\"elementor-column-wrap elementor-element-populated\">\n\t\t\t\t\t\t\t<div class=\"elementor-widget-wrap\">\n\t\t\t\t\t\t<div class=\"elementor-element elementor-element-ef0935d esconderLista elementor-widget elementor-widget-wp-widget-custom_html\" data-id=\"ef0935d\" data-element_type=\"widget\" data-widget_type=\"wp-widget-custom_html.default\">\n\t\t\t\t<div class=\"elementor-widget-container\">\n\t\t\t<div class=\"textwidget custom-html-widget\"><div id=\"page\">\r\n\r\n        <div class=\"titulo\">\r\n            <h4>Diretoria<\/h4>\r\n        <\/div>\r\n        <div class=\"bloco\">\r\n            <div class=\"nomes\">\r\n                <p class=\"nome\">Roberto Ferraz<\/p>\r\n<span>barreto@fadesp.org.br<\/span>\r\n                <span class=\"numero\">4005-7401<\/span>\r\n            <\/div>\r\n            <hr>\r\n            <div class=\"nomes\">\r\n                <p class=\"nome\">Alceb\u00edades Macedo<\/p>\r\n<span>anmacedo@fadesp.org.br<\/span>\r\n                <span class=\"numero\">4005-7402<\/span>\r\n            <\/div>\r\n        <\/div>\r\n\r\n\r\n        <div class=\"titulo\">\r\n            <h4>Secretaria (SEC) \/ Protocolo<\/h4>\r\n        <\/div>\r\n        <div class=\"bloco\">\r\n            <div class=\"nomes\">\r\n                <p class=\"nome\">Elilian Santos<\/p>\r\n<span>elilian@fadesp.org.br<\/span>\r\n                <span class=\"numero\">4005-7423<\/span>\r\n            <\/div>\r\n            <hr>\r\n            <div class=\"nomes\">\r\n                <p class=\"nome\">Nancy<\/p>\r\n<span>nancy@fadesp.org.br<\/span>\r\n                <span class=\"numero\">4005-7423<\/span>\r\n            <\/div>\r\n<hr>\r\n            <div class=\"nomes\">\r\n                <p class=\"nome\">Nyvia<\/p>\r\n<span>nyvia@fadesp.org.br<\/span>\r\n                <span class=\"numero\">4005-7441<\/span>\r\n            <\/div>\r\n<hr>\r\n            <div class=\"nomes\">\r\n                <p class=\"nome\">Matheus<\/p>\r\n<span>matheus@fadesp.org.br<\/span>\r\n                <span class=\"numero\">4005-7442<\/span>\r\n            <\/div>\r\n<hr>\r\n            <div class=\"nomes\">\r\n                <p class=\"nome\">Ant\u00f4nio Diego<\/p>\r\n<span>antonio@fadesp.org.br<\/span>\r\n                <span class=\"numero\">4005-7440<\/span>\r\n            <\/div>\r\n        <\/div>\r\n\r\n        \r\n        <div class=\"titulo\">\r\n            <h4>Gerencia de Neg\u00f3cios (EN)<\/h4>\r\n        <\/div>\r\n        \r\n        <div class=\"bloco\">\r\n            <div class=\"nomes\">\r\n                <p class=\"nome\">Socorro<\/p>\r\n<span class=\"numero\">socorro@fadesp.org.br<\/span>\r\n                <span class=\"numero\">4005-7480<\/span>\r\n            <\/div>\r\n            <hr>\r\n            <div class=\"nomes\">\r\n                <p class=\"nome\">Tassiane<\/p>\r\n<span class=\"numero\">tassiane@fadesp.org.br<\/span>\r\n                <span class=\"numero\">4005-7480<\/span>\r\n            <\/div>\r\n            <hr>\r\n            <div class=\"nomes\">\r\n                <p class=\"nome\">Cleidy<\/p>\r\n\r\n<span class=\"numero\">cleidy@fadesp.org.br<\/span>\r\n                <span class=\"numero\">4005-7476<\/span>\r\n            <\/div>\r\n            <hr>\r\n            <div class=\"nomes\">\r\n                <p class=\"nome\">Nadia<\/p>\r\n<span class=\"numero\">nadia@fadesp.org.br<\/span>\r\n                <span class=\"numero\">4005-7493<\/span>\r\n            <\/div>\r\n            <hr>\r\n            <div class=\"nomes\">\r\n                <p class=\"nome\">Marlene<\/p>\r\n\r\n<span class=\"numero\">mperotes@fadesp.org.br<\/span>\r\n                <span class=\"numero\">4005-7405<\/span>\r\n            <\/div>\r\n        <\/div>\r\n\r\n\r\n        <div class=\"titulo\">\r\n            <h4>Assessoria de Comunica\u00e7\u00e3o (ASCOM)<\/h4>\r\n        <\/div>\r\n        <div class=\"bloco\">\r\n            <div class=\"nomes\">\r\n                <p class=\"nome\">Lorena Filgueiras<\/p>\r\n<span class=\"numero\">filgueiras@fadesp.org.br<\/span>\r\n                <span class=\"numero\">4005-7461<\/span>\r\n            <\/div>\r\n<hr>\r\n            <div class=\"nomes\">\r\n                <p class=\"nome\">Andr\u00e9 de Loreto<\/p>\r\n<span class=\"numero\">loreto@fadesp.org.br<\/span>\r\n                <span class=\"numero\">4005-7461<\/span>\r\n            <\/div>\r\n<hr>\r\n            <div class=\"nomes\">\r\n                <p class=\"nome\">Brena<\/p>\r\n<span class=\"numero\">brenamarques@fadesp.org.br<\/span>\r\n                <span class=\"numero\">4005-7461<\/span>\r\n            <\/div>\r\n        <\/div>\r\n\r\n\r\n        <div class=\"titulo\">\r\n            <h4>Coordena\u00e7\u00e3o de Concursos e Sele\u00e7\u00f5es (CCS)<\/h4>\r\n        <\/div>\r\n        <div class=\"bloco\">\r\n\r\n            <div class=\"nomes\">\r\n                <p class=\"nome\">Leila Lamar\u00e3o<\/p>\r\n                <span class=\"numero\">leila@fadesp.org.br<\/span>\r\n <span class=\"numero\">4005-7403<\/span>\r\n            <\/div>\r\n            <hr>\r\n<div class=\"nomes\">\r\n                <p class=\"nome\">Diego Leal<\/p>\r\n<span class=\"numero\">diegoleal@fadesp.org.br<\/span>\r\n                <span class=\"numero\">4005-7476<\/span>\r\n            <\/div>\r\n<hr>\r\n<div class=\"nomes\">\r\n                <p class=\"nome\">Maria<\/p>\r\n<span class=\"numero\">mariamor@fadesp.org.br<\/span>\r\n                <span class=\"numero\">4005-7476<\/span>\r\n            <\/div>\r\n            <hr>\r\n            <div class=\"nomes\">\r\n                <p class=\"nome\">Larissa<\/p>\r\n<span class=\"numero\">larissa@fadesp.org.br<\/span>           \r\n     <span class=\"numero\">4005-7476<\/span>\r\n            <\/div>\r\n            <hr>\r\n            \r\n            <div class=\"nomes\">\r\n                <p class=\"nome\">Paulo Freire<\/p>\r\n<span class=\"numero\">pfreire@fadesp.org.br<\/span>           \r\n     <span class=\"numero\">4005-7446<\/span>\r\n            <\/div>\r\n<hr>\r\n            <div class=\"nomes\">\r\n                <p class=\"nome\">Luciano Nicolau<\/p>\r\n<span class=\"numero\">luciano@fadesp.org.br<\/span>           \r\n     <span class=\"numero\">4005-7433<\/span>\r\n            <\/div>\r\n            <hr>\r\n            <div class=\"nomes\">\r\n                <p class=\"nome\">Davi Macedo<\/p>\r\n<span class=\"numero\">davi.macedo@fadesp.org.br<\/span>           \r\n     <span class=\"numero\">4005-7411<\/span>\r\n            <\/div>\r\n        <\/div>\r\n\r\n\r\n        <div class=\"titulo\">\r\n            <h4>Refeit\u00f3rio<\/h4>\r\n        <\/div>\r\n        <div class=\"bloco\">\r\n            <div class=\"nomes\">\r\n                <p class=\"nome\">Eliana \/ K\u00e1tia <\/p>\r\n                <span class=\"numero\">4005-7406<\/span>\r\n            <\/div>\r\n        <\/div>\r\n\r\n\r\n        <div class=\"titulo\">\r\n            <h4>Coordena\u00e7\u00e3o de Tec. da Informa\u00e7\u00e3o (CTE)<\/h4>\r\n        <\/div>\r\n        <div class=\"bloco\">\r\n            <div class=\"nomes\">\r\n                <p class=\"nome\">Davi Fraz\u00e3o<\/p>\r\n<span class=\"numero\">davi@fadesp.org.br<\/span>\r\n                <span class=\"numero\">4005-7410<\/span>\r\n            <\/div>\r\n            <hr>\r\n            <div class=\"nomes\">\r\n                <p class=\"nome\">Rodrigo Gon\u00e7alves<\/p>\r\n<span class=\"numero\">rodrigo@fadesp.org.br<\/span>\r\n                <span class=\"numero\">4005-7412<\/span>\r\n            <\/div>\r\n            <hr>\r\n            <div class=\"nomes\">\r\n                <p class=\"nome\">Andr\u00e9 Imbiriba<\/p>\r\n<span class=\"numero\">andre@fadesp.org.br<\/span>\r\n                <span class=\"numero\">4005-7413<\/span>\r\n            <\/div>\r\n<hr>\r\n            <div class=\"nomes\">\r\n                <p class=\"nome\">Yago<\/p>\r\n<span class=\"numero\">yago@fadesp.org.br<\/span>\r\n                <span class=\"numero\">4005-7412<\/span>\r\n            <\/div>\r\n        <\/div>\r\n\r\n\r\n        <div class=\"titulo\">\r\n            <h4>Coordena\u00e7\u00e3o Jur\u00eddica (CJU)<\/h4>\r\n        <\/div>\r\n        <div class=\"bloco\">\r\n            <div class=\"nomes\">\r\n                <p class=\"nome\">Fellipe Pereira<\/p>\r\n<span class=\"numero\">fellipe@fadesp.org.br<\/span>\r\n                <p class=\"numero\">4005-7414<\/p>\r\n            <\/div>\r\n            <hr>\r\n            <div class=\"nomes\">\r\n                <p class=\"nome\">Salim Lauande<\/p>\r\n<span class=\"numero\">salim@fadesp.org.br<\/span>\r\n                <span class=\"numero\">4005-7416<\/span>\r\n            <\/div>\r\n            <hr>\r\n            <div class=\"nomes\">\r\n                <p class=\"nome\">Arthur Jardim<\/p>\r\n<span class=\"numero\">jardim@fadesp.org.br<\/span>\r\n                <span class=\"numero\">4005-7415<\/span>\r\n            <\/div>\r\n        <\/div>\r\n\r\n<div class=\"titulo\">\r\n            <h4><\/h4>\r\n        <\/div>\r\n        <div class=\"bloco\">\r\n            <div class=\"nomes\">\r\n                <p class=\"nome\">Eliana \/ K\u00e1tia <\/p>\r\n                <span class=\"numero\">4005-7406<\/span>\r\n            <\/div>\r\n<hr>\r\n<div class=\"nomes\">\r\n                <p class=\"nome\">Eliana \/ K\u00e1tia <\/p>\r\n                <span class=\"numero\">4005-7406<\/span>\r\n            <\/div>\r\n        <\/div>\r\n\r\n\r\n        <div class=\"titulo\">\r\n            <h4>Coordena\u00e7\u00e3o de Recursos Humanos (CRH)<\/h4>\r\n        <\/div>\r\n        <div class=\"bloco\">\r\n            <div class=\"nomes\">\r\n                <p class=\"nome\">Cla\u00fadia Coelho<\/p>\r\n                <span class=\"numero\">4005-7418<\/span>\r\n            <\/div>\r\n            <hr>\r\n            <div class=\"nomes\">\r\n                <p class=\"nome\">Bruna Diniz<\/p>\r\n                <span class=\"numero\">4005-7449<\/span>\r\n            <\/div>\r\n            <hr>\r\n            <div class=\"nomes\">\r\n                <p class=\"nome\">T\u00e2nia Feitosa<\/p>\r\n                <span class=\"numero\">4005-7445<\/span>\r\n            <\/div>\r\n            <hr>\r\n            <div class=\"nomes\">\r\n                <p class=\"nome\">Mary Nascimento<\/p>\r\n                <span class=\"numero\">4005-7418<\/span>\r\n            <\/div>\r\n            <hr>\r\n            <div class=\"nomes\">\r\n                <p class=\"nome\">Gla\u00facia Barros<\/p>\r\n                <span class=\"numero\">4005-7445<\/span>\r\n            <\/div>\r\n            <hr>\r\n            <div class=\"nomes\">\r\n                <p class=\"nome\">Thiago Nascimento<\/p>\r\n                <span class=\"numero\">4005-7448<\/span>\r\n            <\/div>\r\n            <hr>\r\n            <div class=\"nomes\">\r\n                <p class=\"nome\">Rejane Lopes<\/p>\r\n                <span class=\"numero\">4005-7448<\/span>\r\n            <\/div>\r\n            <hr>\r\n            <div class=\"nomes\">\r\n                <p class=\"nome\">Roberto Silva<\/p>\r\n                <span class=\"numero\">4005-7447 \/ 4005-7448<\/span>\r\n            <\/div>\r\n            <hr>\r\n            <div class=\"nomes\">\r\n                <p class=\"nome\">Bruna Rafaela<\/p>\r\n                <span class=\"numero\">4005-7407<\/span>\r\n            <\/div>\r\n            <hr>\r\n            <div class=\"nomes\">\r\n                <p class=\"nome\">J\u00e9ssica Ferreira<\/p>\r\n                <span class=\"numero\">4005-7407<\/span>\r\n            <\/div>\r\n            <hr>\r\n            <div class=\"nomes\">\r\n                <p class=\"nome\">Paulo Fl\u00e1vio<\/p>\r\n                <span class=\"numero\">4005-7407<\/span>\r\n            <\/div>\r\n        <\/div>\r\n\r\n\r\n        <div class=\"titulo\">\r\n            <h4>Coordena\u00e7\u00e3o Financeira e Cont\u00e1bil (CFC)<\/h4>\r\n        <\/div>\r\n        <div class=\"bloco\">\r\n            <div class=\"nomes\">\r\n                <p class=\"nome\">Marcelo Moraes<\/p>\r\n                <span class=\"numero\">4005-7466<\/span>\r\n            <\/div>\r\n            <hr>\r\n            <div class=\"nomes\">\r\n                <p class=\"nome\">F\u00e1tima Vieira<\/p>\r\n                <span class=\"numero\">4005-7422<\/span>\r\n            <\/div>\r\n            <hr>\r\n            <div class=\"nomes\">\r\n                <p class=\"nome\">Bruno Paix\u00e3o<\/p>\r\n                <span class=\"numero\">4005-7409<\/span>\r\n            <\/div>\r\n            <hr>\r\n            <div class=\"nomes\">\r\n                <p class=\"nome\">Nazar\u00e9 Souza<\/p>\r\n                <span class=\"numero\">4005-7421<\/span>\r\n            <\/div>\r\n            <hr>\r\n            <div class=\"nomes\">\r\n                <p class=\"nome\">Regina Ribeiro<\/p>\r\n                <span class=\"numero\">4005-7421<\/span>\r\n            <\/div>\r\n            <hr>\r\n            <div class=\"nomes\">\r\n                <p class=\"nome\">Afonso Albino<\/p>\r\n                <span class=\"numero\">4005-7408<\/span>\r\n            <\/div>\r\n            <hr>\r\n            <div class=\"nomes\">\r\n                <p class=\"nome\">Helo\u00edsa Helena<\/p>\r\n                <span class=\"numero\">4005-7408<\/span>\r\n            <\/div>\r\n            <hr>\r\n            <div class=\"nomes\">\r\n                <p class=\"nome\">Ant\u00f4nio Paulo<\/p>\r\n                <span class=\"numero\">4005-7419<\/span>\r\n            <\/div>\r\n            <hr>\r\n            <div class=\"nomes\">\r\n                <p class=\"nome\">Leide Nelma<\/p>\r\n                <span class=\"numero\">4005-7466<\/span>\r\n            <\/div>\r\n            <hr>\r\n            <div class=\"nomes\">\r\n                <p class=\"nome\">Artur Oliveira<\/p>\r\n                <span class=\"numero\">4005-7477<\/span>\r\n            <\/div>\r\n        <\/div>\r\n\r\n\r\n        <div class=\"titulo\">\r\n            <h4>Coordena\u00e7\u00e3o de Compras (CCO)<\/h4>\r\n        <\/div>\r\n        <div class=\"bloco\">\r\n            <div class=\"nomes\">\r\n                <p class=\"nome\">Raquel Lima<\/p>\r\n                <span class=\"numero\">4005-7430<\/span>\r\n            <\/div>\r\n            <hr>\r\n            <div class=\"nomes\">\r\n                <p class=\"nome\">Helder Sab\u00e1<\/p>\r\n                <span class=\"numero\">4005-7429<\/span>\r\n            <\/div>\r\n            <hr>\r\n            <div class=\"nomes\">\r\n                <p class=\"nome\">Jean Melo<\/p>\r\n                <span class=\"numero\">4005-7463<\/span>\r\n            <\/div>\r\n            <hr>\r\n            <div class=\"nomes\">\r\n                <p class=\"nome\">Marcelo Alves<\/p>\r\n                <span class=\"numero\">4005-7495<\/span>\r\n            <\/div>\r\n            <hr>\r\n            <div class=\"nomes\">    \r\n                <p class=\"nome\">Isac Ribeiro<\/p>\r\n                <span class=\"numero\">4005-7428<\/span>\r\n            <\/div>\r\n            <hr>\r\n            <div class=\"nomes\">\r\n                <p class=\"nome\">Bruno Matta<\/p>\r\n                <span class=\"numero\">4005-7426<\/span>\r\n            <\/div>\r\n            <hr>\r\n            <div class=\"nomes\">\r\n                <p class=\"nome\">Marcelo Coelho<\/p>\r\n                <span class=\"numero\">4005-7424<\/span>\r\n            <\/div>\r\n            <hr>\r\n            <div class=\"nomes\">\r\n                <p class=\"nome\">Darciane Caldas<\/p>\r\n                <span class=\"numero\">4005-7431<\/span>\r\n            <\/div>\r\n            <hr>\r\n            <div class=\"nomes\">\r\n                <p class=\"nome\">Marcos Alexandre<\/p>\r\n                <span class=\"numero\">4005-7404<\/span>\r\n            <\/div>\r\n            <hr>\r\n            <div class=\"nomes\">\r\n                <p class=\"nome\">Paulo Ronaldo<\/p>\r\n                <span class=\"numero\">4005-7432<\/span>\r\n            <\/div>\r\n            <hr>\r\n            <div class=\"nomes\">\r\n                <p class=\"nome\">Michelly Ba\u00eda<\/p>\r\n                <span class=\"numero\">4005-7432<\/span>\r\n            <\/div>\r\n            <hr>\r\n            <div class=\"nomes\">\r\n                <p class=\"nome\">Pedro Ben\u00edcio<\/p>\r\n                <span class=\"numero\">4005-7432<\/span>\r\n            <\/div>\r\n        <\/div>\r\n\r\n\r\n        <div class=\"titulo\">\r\n            <h4>Coordena\u00e7\u00e3o de Gest\u00e3o de Projetos (CGP)<\/h4>\r\n        <\/div>\r\n        <div class=\"bloco\">\r\n            <div class=\"nomes\">\r\n                <p class=\"nome\">Marlene Perotes<\/p>\r\n                <span class=\"numero\">4005-7455<\/span>\r\n            <\/div>\r\n            <hr>\r\n            <div class=\"nomes\">\r\n                <p class=\"nome\">Gracy Rocha<\/p>\r\n                <span class=\"numero\">4005-7469<\/span>\r\n            <\/div>\r\n            <hr>\r\n            <div class=\"nomes\">\r\n                <p class=\"nome\">R\u00fabia Valen\u00e7a<\/p>\r\n                <span class=\"numero\">4005-7484<\/span>\r\n            <\/div>\r\n            <hr>\r\n            <div class=\"nomes\">\r\n                <p class=\"nome\">Elziane Pacheco<\/p>\r\n                <span class=\"numero\">4005-7437<\/span>\r\n            <\/div>\r\n            <hr>\r\n            <div class=\"nomes\">    \r\n                <p class=\"nome\">Rosilene Paracampos<\/p>\r\n                <span class=\"numero\">4005-7454<\/span>\r\n            <\/div>\r\n            <hr>\r\n            <div class=\"nomes\">\r\n                <p class=\"nome\">Rosimere Santar\u00e9m<\/p>\r\n                <span class=\"numero\">4005-7473<\/span>\r\n            <\/div>\r\n            <hr>\r\n            <div class=\"nomes\">\r\n                <p class=\"nome\">Ellen Gon\u00e7alves<\/p>\r\n                <span class=\"numero\">4005-7472<\/span>\r\n            <\/div>\r\n            <hr>\r\n            <div class=\"nomes\">\r\n                <p class=\"nome\">Joelma Brito<\/p>\r\n                <span class=\"numero\">4005-7481<\/span>\r\n            <\/div>\r\n            <hr>\r\n            <div class=\"nomes\">\r\n                <p class=\"nome\">Victor Luz<\/p>\r\n                <span class=\"numero\">4005-7474<\/span>\r\n            <\/div>\r\n            <hr>\r\n            <div class=\"nomes\">\r\n                <p class=\"nome\">Carmem Galv\u00e3o<\/p>\r\n                <span class=\"numero\">4005-7453<\/span>\r\n            <\/div>\r\n            <hr>\r\n            <div class=\"nomes\">\r\n                <p class=\"nome\">Eline Lima<\/p>\r\n                <span class=\"numero\">4005-7438<\/span>\r\n            <\/div>\r\n        <\/div>\r\n\r\n\r\n        <div class=\"titulo\">\r\n            <h4>Coordena\u00e7\u00e3o de Cons. e Des. Institucional (CCD)<\/h4>\r\n        <\/div>\r\n        <div class=\"bloco\">\r\n            <div class=\"nomes\">\r\n                <p class=\"nome\">Jo\u00e3o Carlos Pena<\/p>\r\n                <span class=\"numero\">4005-7460<\/span>\r\n            <\/div>\r\n            <hr>\r\n            <div class=\"nomes\">    \r\n                <p class=\"nome\">Eliezer Reis<\/p>\r\n                <span class=\"numero\">4005-7470<\/span>\r\n            <\/div>\r\n        <\/div>\r\n\r\n\r\n        <div class=\"titulo\">\r\n            <h4>Sala de Reuni\u00f5es<\/h4>\r\n        <\/div>\r\n        \r\n        <div class=\"unico\">\r\n            <p><b>4005-7494<\/b><\/p>\r\n        <\/div>\r\n        \r\n\r\n        <div class=\"titulo\">\r\n            <h4>Central de Atendimento<\/h4>\r\n        <\/div>\r\n        <div class=\"bloco\">\r\n            <div class=\"nomes\">\r\n                <p class=\"nome\">N\u00edvea de Paula \/ Larissa Lira<\/p>\r\n                <span class=\"numero\">4005-7442<\/span>\r\n            <\/div>\r\n            <hr>\r\n            <div class=\"nomes\">\r\n                <p class=\"nome\">Diego di Paula \/ Mateus Souza<\/p>\r\n                <span class=\"numero\">4005-7440 \/ 7441 \/ 7443<\/span>\r\n            <\/div>\r\n            <hr>\r\n            <div class=\"nomes\">    \r\n                <p class=\"nome\"><strong>ASCOM UFPA<\/strong><\/p>\r\n                <span class=\"numero\">3201-8039 \/ 4005-7463<\/span>\r\n            <\/div>\r\n            <hr>\r\n            <div class=\"nomes\">\r\n                <p class=\"nome\"><strong>CLLE UFPA<\/strong><\/p>\r\n                <span class=\"numero\">3201-7524<\/span>\r\n            <\/div>\r\n        <\/div>\r\n    <\/div><\/div>\t\t<\/div>\n\t\t\t\t<\/div>\n\t\t\t\t\t\t<\/div>\n\t\t\t\t\t<\/div>\n\t\t<\/div>\n\t\t\t\t\t\t\t\t<\/div>\n\t\t\t\t\t<\/div>\n\t\t<\/section>\n\t\t\t\t<section class=\"elementor-section elementor-top-section elementor-element elementor-element-b00a267 elementor-section-boxed elementor-section-height-default elementor-section-height-default\" data-id=\"b00a267\" data-element_type=\"section\">\n\t\t\t\t\t\t<div class=\"elementor-container elementor-column-gap-default\">\n\t\t\t\t\t\t\t<div class=\"elementor-row\">\n\t\t\t\t\t<div class=\"elementor-column elementor-col-100 elementor-top-column elementor-element elementor-element-2bd9772\" data-id=\"2bd9772\" data-element_type=\"column\">\n\t\t\t<div class=\"elementor-column-wrap elementor-element-populated\">\n\t\t\t\t\t\t\t<div class=\"elementor-widget-wrap\">\n\t\t\t\t\t\t<div class=\"elementor-element elementor-element-0937daa elementor-widget elementor-widget-image\" data-id=\"0937daa\" data-element_type=\"widget\" data-widget_type=\"image.default\">\n\t\t\t\t<div class=\"elementor-widget-container\">\n\t\t\t\t\t\t\t\t<div class=\"elementor-image\">\n\t\t\t\t\t\t\t\t\t\t\t\t<img width=\"720\" height=\"982\" src=\"http:\/\/intranet2.fadesp.org.br\/wp-content\/uploads\/2026\/01\/ramais_FADESP_2026_page-0001-1-1.jpg\" class=\"attachment-large size-large\" alt=\"Contatos FADESP\" loading=\"lazy\" srcset=\"http:\/\/intranet2.fadesp.org.br\/wp-content\/uploads\/2026\/01\/ramais_FADESP_2026_page-0001-1-1.jpg 720w, http:\/\/intranet2.fadesp.org.br\/wp-content\/uploads\/2026\/01\/ramais_FADESP_2026_page-0001-1-1-220x300.jpg 220w\" sizes=\"(max-width: 720px) 100vw, 720px\" \/>\t\t\t\t\t\t\t\t\t\t\t\t\t\t<\/div>\n\t\t\t\t\t\t<\/div>\n\t\t\t\t<\/div>\n\t\t\t\t\t\t<\/div>\n\t\t\t\t\t<\/div>\n\t\t<\/div>\n\t\t\t\t\t\t\t\t<\/div>\n\t\t\t\t\t<\/div>\n\t\t<\/section>\n\t\t\t\t\t\t\t\t\t<\/div>\n\t\t\t<\/div>\n\t\t\t\t\t<\/div>\n\t\t","protected":false},"excerpt":{"rendered":"","protected":false},"author":6,"featured_media":0,"parent":0,"menu_order":0,"comment_status":"closed","ping_status":"closed","template":"","meta":[],"_links":{"self":[{"href":"http:\/\/intranet2.fadesp.org.br\/index.php?rest_route=\/wp\/v2\/pages\/13"}],"collection":[{"href":"http:\/\/intranet2.fadesp.org.br\/index.php?rest_route=\/wp\/v2\/pages"}],"about":[{"href":"http:\/\/intranet2.fadesp.org.br\/index.php?rest_route=\/wp\/v2\/types\/page"}],"author":[{"embeddable":true,"href":"http:\/\/intranet2.fadesp.org.br\/index.php?rest_route=\/wp\/v2\/users\/6"}],"replies":[{"embeddable":true,"href":"http:\/\/intranet2.fadesp.org.br\/index.php?rest_route=%2Fwp%2Fv2%2Fcomments&post=13"}],"version-history":[{"count":50,"href":"http:\/\/intranet2.fadesp.org.br\/index.php?rest_route=\/wp\/v2\/pages\/13\/revisions"}],"predecessor-version":[{"id":1901,"href":"http:\/\/intranet2.fadesp.org.br\/index.php?rest_route=\/wp\/v2\/pages\/13\/revisions\/1901"}],"wp:attachment":[{"href":"http:\/\/intranet2.fadesp.org.br\/index.php?rest_route=%2Fwp%2Fv2%2Fmedia&parent=13"}],"curies":[{"name":"wp","href":"https:\/\/api.w.org\/{rel}","templated":true}]}}